{"id":279,"date":"2023-12-08T11:11:18","date_gmt":"2023-12-08T11:11:18","guid":{"rendered":"https:\/\/cheer-dance-company.de\/?page_id=279"},"modified":"2025-02-03T10:26:25","modified_gmt":"2025-02-03T10:26:25","slug":"impressum","status":"publish","type":"page","link":"https:\/\/cheer-dance-company.de\/?page_id=279","title":{"rendered":"Impressum"},"content":{"rendered":"\n<h4 class=\"wp-block-heading\"><strong>Angaben gem\u00e4\u00df \u00a7 5 TMG:<\/strong><\/h4>\n\n\n\n<p>SV Rot-Wei\u00df Billig e.V.<br>Cheer-Dance Company<br>Haferstr.150<br>53881 Euskirchen<br><a href=\"mailto:info@cheer-dance-company.de\">info@cheer-dance-company.de<\/a><\/p>\n\n\n\n<p>Vertreten durch:<br>Gesch\u00e4ftsf\u00fchrer<br>Wolfgang Kr\u00e4mer<br><br><\/p>\n\n\n\n<h4 class=\"wp-block-heading\"><strong>Verantwortlich f\u00fcr den Inhalt nach \u00a7 55 Abs. 2 RStV:<\/strong><br><\/h4>\n\n\n\n<figure class=\"wp-block-image size-full is-resized\"><a href=\"https:\/\/dietzign.eu\"><img decoding=\"async\" src=\"data:image\/gif;base64,R0lGODlhAQABAIAAAAAAAP\/\/\/yH5BAEAAAAALAAAAAABAAEAAAIBRAA7\" data-src=\"https:\/\/cheer-dance-company.de\/wp-content\/uploads\/2023\/12\/logo_dietzign5.png\" alt=\"\" class=\"wp-image-280 lazyload\" style=\"width:212px;height:auto\"\/><noscript><img decoding=\"async\" width=\"400\" height=\"114\" src=\"https:\/\/cheer-dance-company.de\/wp-content\/uploads\/2023\/12\/logo_dietzign5.png\" alt=\"\" class=\"wp-image-280 lazyload\" style=\"width:212px;height:auto\" srcset=\"https:\/\/cheer-dance-company.de\/wp-content\/uploads\/2023\/12\/logo_dietzign5.png 400w, https:\/\/cheer-dance-company.de\/wp-content\/uploads\/2023\/12\/logo_dietzign5-300x86.png 300w\" sizes=\"(max-width: 400px) 100vw, 400px\" \/><\/noscript><\/a><\/figure>\n\n\n\n<p><a href=\"https:\/\/dietzign.eu\" data-type=\"link\" data-id=\"https:\/\/dietzign.eu\">dietzign.eu<\/a><br>Inh. Tobias Dietz<br>Hummelstr. 22<br>53881 Euskirchen<br><a href=\"mailto:info@dietzign.eu\">info@dietzign.eu<\/a><\/p>\n\n\n\n<p><\/p>\n\n\n\n<p><\/p>\n","protected":false},"excerpt":{"rendered":"<p>Angaben gem\u00e4\u00df \u00a7 5 TMG: SV Rot-Wei\u00df Billig e.V.Cheer-Dance CompanyHaferstr.15053881 Euskircheninfo@cheer-dance-company.de Vertreten durch:Gesch\u00e4ftsf\u00fchrerWolfgang Kr\u00e4mer Verantwortlich f\u00fcr den Inhalt nach \u00a7 55 Abs. 2 RStV: dietzign.euInh. Tobias DietzHummelstr. 2253881 Euskircheninfo@dietzign.eu<\/p>\n","protected":false},"author":1,"featured_media":0,"parent":0,"menu_order":0,"comment_status":"closed","ping_status":"closed","template":"","meta":{"saved_in_kubio":true,"om_disable_all_campaigns":false,"_monsterinsights_skip_tracking":false,"_monsterinsights_sitenote_active":false,"_monsterinsights_sitenote_note":"","_monsterinsights_sitenote_category":0,"footnotes":""},"class_list":["post-279","page","type-page","status-publish","hentry"],"kubio_ai_page_context":{"short_desc":"","purpose":"general"},"yoast_head":"<!-- This site is optimized with the Yoast SEO plugin v26.8 - https:\/\/yoast.com\/product\/yoast-seo-wordpress\/ -->\n<title>Impressum - Cheer-Dance Company<\/title>\n<meta name=\"robots\" content=\"index, follow, max-snippet:-1, max-image-preview:large, max-video-preview:-1\" \/>\n<link rel=\"canonical\" href=\"https:\/\/cheer-dance-company.de\/?page_id=279\" \/>\n<meta property=\"og:locale\" content=\"de_DE\" \/>\n<meta property=\"og:type\" content=\"article\" \/>\n<meta property=\"og:title\" content=\"Impressum - Cheer-Dance Company\" \/>\n<meta property=\"og:description\" content=\"Angaben gem\u00e4\u00df \u00a7 5 TMG: SV Rot-Wei\u00df Billig e.V.Cheer-Dance CompanyHaferstr.15053881 Euskircheninfo@cheer-dance-company.de Vertreten durch:Gesch\u00e4ftsf\u00fchrerWolfgang Kr\u00e4mer Verantwortlich f\u00fcr den Inhalt nach \u00a7 55 Abs. 2 RStV: dietzign.euInh. Tobias DietzHummelstr. 2253881 Euskircheninfo@dietzign.eu\" \/>\n<meta property=\"og:url\" content=\"https:\/\/cheer-dance-company.de\/?page_id=279\" \/>\n<meta property=\"og:site_name\" content=\"Cheer-Dance Company\" \/>\n<meta property=\"article:modified_time\" content=\"2025-02-03T10:26:25+00:00\" \/>\n<meta property=\"og:image\" content=\"https:\/\/cheer-dance-company.de\/wp-content\/uploads\/2023\/12\/logo_dietzign5.png\" \/>\n<meta name=\"twitter:card\" content=\"summary_large_image\" \/>\n<script type=\"application\/ld+json\" class=\"yoast-schema-graph\">{\"@context\":\"https:\/\/schema.org\",\"@graph\":[{\"@type\":\"WebPage\",\"@id\":\"https:\/\/cheer-dance-company.de\/?page_id=279\",\"url\":\"https:\/\/cheer-dance-company.de\/?page_id=279\",\"name\":\"Impressum - Cheer-Dance Company\",\"isPartOf\":{\"@id\":\"https:\/\/cheer-dance-company.de\/#website\"},\"primaryImageOfPage\":{\"@id\":\"https:\/\/cheer-dance-company.de\/?page_id=279#primaryimage\"},\"image\":{\"@id\":\"https:\/\/cheer-dance-company.de\/?page_id=279#primaryimage\"},\"thumbnailUrl\":\"https:\/\/cheer-dance-company.de\/wp-content\/uploads\/2023\/12\/logo_dietzign5.png\",\"datePublished\":\"2023-12-08T11:11:18+00:00\",\"dateModified\":\"2025-02-03T10:26:25+00:00\",\"breadcrumb\":{\"@id\":\"https:\/\/cheer-dance-company.de\/?page_id=279#breadcrumb\"},\"inLanguage\":\"de\",\"potentialAction\":[{\"@type\":\"ReadAction\",\"target\":[\"https:\/\/cheer-dance-company.de\/?page_id=279\"]}]},{\"@type\":\"ImageObject\",\"inLanguage\":\"de\",\"@id\":\"https:\/\/cheer-dance-company.de\/?page_id=279#primaryimage\",\"url\":\"https:\/\/cheer-dance-company.de\/wp-content\/uploads\/2023\/12\/logo_dietzign5.png\",\"contentUrl\":\"https:\/\/cheer-dance-company.de\/wp-content\/uploads\/2023\/12\/logo_dietzign5.png\",\"width\":400,\"height\":114},{\"@type\":\"BreadcrumbList\",\"@id\":\"https:\/\/cheer-dance-company.de\/?page_id=279#breadcrumb\",\"itemListElement\":[{\"@type\":\"ListItem\",\"position\":1,\"name\":\"Startseite\",\"item\":\"https:\/\/cheer-dance-company.de\/\"},{\"@type\":\"ListItem\",\"position\":2,\"name\":\"Impressum\"}]},{\"@type\":\"WebSite\",\"@id\":\"https:\/\/cheer-dance-company.de\/#website\",\"url\":\"https:\/\/cheer-dance-company.de\/\",\"name\":\"Cheer-Dance Company\",\"description\":\"Showtanzgruppe aus Euskirchen-Billig\",\"publisher\":{\"@id\":\"https:\/\/cheer-dance-company.de\/#organization\"},\"potentialAction\":[{\"@type\":\"SearchAction\",\"target\":{\"@type\":\"EntryPoint\",\"urlTemplate\":\"https:\/\/cheer-dance-company.de\/?s={search_term_string}\"},\"query-input\":{\"@type\":\"PropertyValueSpecification\",\"valueRequired\":true,\"valueName\":\"search_term_string\"}}],\"inLanguage\":\"de\"},{\"@type\":\"Organization\",\"@id\":\"https:\/\/cheer-dance-company.de\/#organization\",\"name\":\"Cheer-Dance Company\",\"url\":\"https:\/\/cheer-dance-company.de\/\",\"logo\":{\"@type\":\"ImageObject\",\"inLanguage\":\"de\",\"@id\":\"https:\/\/cheer-dance-company.de\/#\/schema\/logo\/image\/\",\"url\":\"https:\/\/cheer-dance-company.de\/wp-content\/uploads\/2025\/05\/CDC-_logo_showtanz.png\",\"contentUrl\":\"https:\/\/cheer-dance-company.de\/wp-content\/uploads\/2025\/05\/CDC-_logo_showtanz.png\",\"width\":913,\"height\":351,\"caption\":\"Cheer-Dance Company\"},\"image\":{\"@id\":\"https:\/\/cheer-dance-company.de\/#\/schema\/logo\/image\/\"}}]}<\/script>\n<!-- \/ Yoast SEO plugin. -->","yoast_head_json":{"title":"Impressum - Cheer-Dance Company","robots":{"index":"index","follow":"follow","max-snippet":"max-snippet:-1","max-image-preview":"max-image-preview:large","max-video-preview":"max-video-preview:-1"},"canonical":"https:\/\/cheer-dance-company.de\/?page_id=279","og_locale":"de_DE","og_type":"article","og_title":"Impressum - Cheer-Dance Company","og_description":"Angaben gem\u00e4\u00df \u00a7 5 TMG: SV Rot-Wei\u00df Billig e.V.Cheer-Dance CompanyHaferstr.15053881 Euskircheninfo@cheer-dance-company.de Vertreten durch:Gesch\u00e4ftsf\u00fchrerWolfgang Kr\u00e4mer Verantwortlich f\u00fcr den Inhalt nach \u00a7 55 Abs. 2 RStV: dietzign.euInh. Tobias DietzHummelstr. 2253881 Euskircheninfo@dietzign.eu","og_url":"https:\/\/cheer-dance-company.de\/?page_id=279","og_site_name":"Cheer-Dance Company","article_modified_time":"2025-02-03T10:26:25+00:00","og_image":[{"url":"https:\/\/cheer-dance-company.de\/wp-content\/uploads\/2023\/12\/logo_dietzign5.png","type":"","width":"","height":""}],"twitter_card":"summary_large_image","schema":{"@context":"https:\/\/schema.org","@graph":[{"@type":"WebPage","@id":"https:\/\/cheer-dance-company.de\/?page_id=279","url":"https:\/\/cheer-dance-company.de\/?page_id=279","name":"Impressum - Cheer-Dance Company","isPartOf":{"@id":"https:\/\/cheer-dance-company.de\/#website"},"primaryImageOfPage":{"@id":"https:\/\/cheer-dance-company.de\/?page_id=279#primaryimage"},"image":{"@id":"https:\/\/cheer-dance-company.de\/?page_id=279#primaryimage"},"thumbnailUrl":"https:\/\/cheer-dance-company.de\/wp-content\/uploads\/2023\/12\/logo_dietzign5.png","datePublished":"2023-12-08T11:11:18+00:00","dateModified":"2025-02-03T10:26:25+00:00","breadcrumb":{"@id":"https:\/\/cheer-dance-company.de\/?page_id=279#breadcrumb"},"inLanguage":"de","potentialAction":[{"@type":"ReadAction","target":["https:\/\/cheer-dance-company.de\/?page_id=279"]}]},{"@type":"ImageObject","inLanguage":"de","@id":"https:\/\/cheer-dance-company.de\/?page_id=279#primaryimage","url":"https:\/\/cheer-dance-company.de\/wp-content\/uploads\/2023\/12\/logo_dietzign5.png","contentUrl":"https:\/\/cheer-dance-company.de\/wp-content\/uploads\/2023\/12\/logo_dietzign5.png","width":400,"height":114},{"@type":"BreadcrumbList","@id":"https:\/\/cheer-dance-company.de\/?page_id=279#breadcrumb","itemListElement":[{"@type":"ListItem","position":1,"name":"Startseite","item":"https:\/\/cheer-dance-company.de\/"},{"@type":"ListItem","position":2,"name":"Impressum"}]},{"@type":"WebSite","@id":"https:\/\/cheer-dance-company.de\/#website","url":"https:\/\/cheer-dance-company.de\/","name":"Cheer-Dance Company","description":"Showtanzgruppe aus Euskirchen-Billig","publisher":{"@id":"https:\/\/cheer-dance-company.de\/#organization"},"potentialAction":[{"@type":"SearchAction","target":{"@type":"EntryPoint","urlTemplate":"https:\/\/cheer-dance-company.de\/?s={search_term_string}"},"query-input":{"@type":"PropertyValueSpecification","valueRequired":true,"valueName":"search_term_string"}}],"inLanguage":"de"},{"@type":"Organization","@id":"https:\/\/cheer-dance-company.de\/#organization","name":"Cheer-Dance Company","url":"https:\/\/cheer-dance-company.de\/","logo":{"@type":"ImageObject","inLanguage":"de","@id":"https:\/\/cheer-dance-company.de\/#\/schema\/logo\/image\/","url":"https:\/\/cheer-dance-company.de\/wp-content\/uploads\/2025\/05\/CDC-_logo_showtanz.png","contentUrl":"https:\/\/cheer-dance-company.de\/wp-content\/uploads\/2025\/05\/CDC-_logo_showtanz.png","width":913,"height":351,"caption":"Cheer-Dance Company"},"image":{"@id":"https:\/\/cheer-dance-company.de\/#\/schema\/logo\/image\/"}}]}},"_links":{"self":[{"href":"https:\/\/cheer-dance-company.de\/index.php?rest_route=\/wp\/v2\/pages\/279","targetHints":{"allow":["GET"]}}],"collection":[{"href":"https:\/\/cheer-dance-company.de\/index.php?rest_route=\/wp\/v2\/pages"}],"about":[{"href":"https:\/\/cheer-dance-company.de\/index.php?rest_route=\/wp\/v2\/types\/page"}],"author":[{"embeddable":true,"href":"https:\/\/cheer-dance-company.de\/index.php?rest_route=\/wp\/v2\/users\/1"}],"replies":[{"embeddable":true,"href":"https:\/\/cheer-dance-company.de\/index.php?rest_route=%2Fwp%2Fv2%2Fcomments&post=279"}],"version-history":[{"count":5,"href":"https:\/\/cheer-dance-company.de\/index.php?rest_route=\/wp\/v2\/pages\/279\/revisions"}],"predecessor-version":[{"id":504,"href":"https:\/\/cheer-dance-company.de\/index.php?rest_route=\/wp\/v2\/pages\/279\/revisions\/504"}],"wp:attachment":[{"href":"https:\/\/cheer-dance-company.de\/index.php?rest_route=%2Fwp%2Fv2%2Fmedia&parent=279"}],"curies":[{"name":"wp","href":"https:\/\/api.w.org\/{rel}","templated":true}]}}